{"id":36,"date":"2014-10-14T07:51:56","date_gmt":"2014-10-14T04:51:56","guid":{"rendered":"http:\/\/goynucek1noluasm.com\/?page_id=36"},"modified":"2025-12-02T19:16:42","modified_gmt":"2025-12-02T16:16:42","slug":"saglik-elemanlari","status":"publish","type":"page","link":"https:\/\/www.suluova4noluasm.com\/?page_id=36","title":{"rendered":"Sa\u011fl\u0131k Elemanlar\u0131"},"content":{"rendered":"<p>Hem. \u0130rem Terzi<br \/>\nHem. El\u00e7in \u00c7elebi<br \/>\nHem. \u00d6zge Yurtsever<\/p>\n","protected":false},"excerpt":{"rendered":"<p>Hem. \u0130rem Terzi Hem. El\u00e7in \u00c7elebi Hem. \u00d6zge Yurtsever<\/p>\n","protected":false},"author":1,"featured_media":0,"parent":0,"menu_order":0,"comment_status":"closed","ping_status":"closed","template":"","meta":[],"_links":{"self":[{"href":"https:\/\/www.suluova4noluasm.com\/index.php?rest_route=\/wp\/v2\/pages\/36"}],"collection":[{"href":"https:\/\/www.suluova4noluasm.com\/index.php?rest_route=\/wp\/v2\/pages"}],"about":[{"href":"https:\/\/www.suluova4noluasm.com\/index.php?rest_route=\/wp\/v2\/types\/page"}],"author":[{"embeddable":true,"href":"https:\/\/www.suluova4noluasm.com\/index.php?rest_route=\/wp\/v2\/users\/1"}],"replies":[{"embeddable":true,"href":"https:\/\/www.suluova4noluasm.com\/index.php?rest_route=%2Fwp%2Fv2%2Fcomments&post=36"}],"version-history":[{"count":5,"href":"https:\/\/www.suluova4noluasm.com\/index.php?rest_route=\/wp\/v2\/pages\/36\/revisions"}],"predecessor-version":[{"id":257,"href":"https:\/\/www.suluova4noluasm.com\/index.php?rest_route=\/wp\/v2\/pages\/36\/revisions\/257"}],"wp:attachment":[{"href":"https:\/\/www.suluova4noluasm.com\/index.php?rest_route=%2Fwp%2Fv2%2Fmedia&parent=36"}],"curies":[{"name":"wp","href":"https:\/\/api.w.org\/{rel}","templated":true}]}}