{"id":24,"date":"2017-09-14T07:49:56","date_gmt":"2017-09-14T04:49:56","guid":{"rendered":"http:\/\/goynucek1noluasm.com\/?page_id=24"},"modified":"2025-12-02T21:44:33","modified_gmt":"2025-12-02T18:44:33","slug":"dr-gamze-gulcek","status":"publish","type":"page","link":"https:\/\/www.suluova4noluasm.com\/?page_id=24","title":{"rendered":"Dr.Aysun D\u00fcndar G\u00f6ker"},"content":{"rendered":"<p style=\"text-align: center;\"><strong><a href=\"http:\/\/ipekkoyasm.com\/wp-content\/uploads\/2014\/04\/cengizakin.jpg\">\u00a0<\/a><\/strong><\/p>\n<p style=\"text-align: center;\"><strong>Dr. Aysun D\u00fcndar G\u00f6ker<\/strong><\/p>\n<p style=\"text-align: center;\">\n<p style=\"text-align: center;\">Hem.El\u00e7in \u00c7elebi<\/p>\n<p style=\"text-align: center;\">Tlf:\u00a00 358 417 00 44<\/p>\n","protected":false},"excerpt":{"rendered":"<p>\u00a0 Dr. Aysun D\u00fcndar G\u00f6ker Hem.El\u00e7in \u00c7elebi Tlf:\u00a00 358 417 00 44<\/p>\n","protected":false},"author":1,"featured_media":0,"parent":0,"menu_order":0,"comment_status":"closed","ping_status":"closed","template":"","meta":[],"_links":{"self":[{"href":"https:\/\/www.suluova4noluasm.com\/index.php?rest_route=\/wp\/v2\/pages\/24"}],"collection":[{"href":"https:\/\/www.suluova4noluasm.com\/index.php?rest_route=\/wp\/v2\/pages"}],"about":[{"href":"https:\/\/www.suluova4noluasm.com\/index.php?rest_route=\/wp\/v2\/types\/page"}],"author":[{"embeddable":true,"href":"https:\/\/www.suluova4noluasm.com\/index.php?rest_route=\/wp\/v2\/users\/1"}],"replies":[{"embeddable":true,"href":"https:\/\/www.suluova4noluasm.com\/index.php?rest_route=%2Fwp%2Fv2%2Fcomments&post=24"}],"version-history":[{"count":8,"href":"https:\/\/www.suluova4noluasm.com\/index.php?rest_route=\/wp\/v2\/pages\/24\/revisions"}],"predecessor-version":[{"id":263,"href":"https:\/\/www.suluova4noluasm.com\/index.php?rest_route=\/wp\/v2\/pages\/24\/revisions\/263"}],"wp:attachment":[{"href":"https:\/\/www.suluova4noluasm.com\/index.php?rest_route=%2Fwp%2Fv2%2Fmedia&parent=24"}],"curies":[{"name":"wp","href":"https:\/\/api.w.org\/{rel}","templated":true}]}}