{"id":235,"date":"2023-06-20T17:33:04","date_gmt":"2023-06-20T14:33:04","guid":{"rendered":"http:\/\/www.suluova4noluasm.com\/?page_id=235"},"modified":"2023-06-20T17:33:04","modified_gmt":"2023-06-20T14:33:04","slug":"calisma-saatlerimiz","status":"publish","type":"page","link":"https:\/\/www.suluova4noluasm.com\/?page_id=235","title":{"rendered":"\u00c7al\u0131\u015fma Saatlerimiz"},"content":{"rendered":"\n<p>Sabah Mesaisi: 08:00 &#8211; 12:00<\/p>\n\n\n\n<p>\u00d6\u011fle Esnek Mesaisi: 12:00 &#8211; 13:00 (N\u00f6bet\u00e7i Hekim)<\/p>\n\n\n\n<p>\u00d6\u011fleden Sonra Mesaisi: 13:00 &#8211; 17:00<\/p>\n\n\n\n<p>Ak\u015fam Esnek Mesaisi: 17:00 &#8211; 19:00 (N\u00f6bet\u00e7i Hekim)<\/p>\n","protected":false},"excerpt":{"rendered":"<p>Sabah Mesaisi: 08:00 &#8211; 12:00 \u00d6\u011fle Esnek Mesaisi: 12:00 &#8211; 13:00 (N\u00f6bet\u00e7i Hekim) \u00d6\u011fleden Sonra Mesaisi: 13:00 &#8211; 17:00 Ak\u015fam Esnek Mesaisi: 17:00 &#8211; 19:00 (N\u00f6bet\u00e7i Hekim)<\/p>\n","protected":false},"author":1,"featured_media":0,"parent":0,"menu_order":0,"comment_status":"closed","ping_status":"closed","template":"","meta":[],"_links":{"self":[{"href":"https:\/\/www.suluova4noluasm.com\/index.php?rest_route=\/wp\/v2\/pages\/235"}],"collection":[{"href":"https:\/\/www.suluova4noluasm.com\/index.php?rest_route=\/wp\/v2\/pages"}],"about":[{"href":"https:\/\/www.suluova4noluasm.com\/index.php?rest_route=\/wp\/v2\/types\/page"}],"author":[{"embeddable":true,"href":"https:\/\/www.suluova4noluasm.com\/index.php?rest_route=\/wp\/v2\/users\/1"}],"replies":[{"embeddable":true,"href":"https:\/\/www.suluova4noluasm.com\/index.php?rest_route=%2Fwp%2Fv2%2Fcomments&post=235"}],"version-history":[{"count":1,"href":"https:\/\/www.suluova4noluasm.com\/index.php?rest_route=\/wp\/v2\/pages\/235\/revisions"}],"predecessor-version":[{"id":236,"href":"https:\/\/www.suluova4noluasm.com\/index.php?rest_route=\/wp\/v2\/pages\/235\/revisions\/236"}],"wp:attachment":[{"href":"https:\/\/www.suluova4noluasm.com\/index.php?rest_route=%2Fwp%2Fv2%2Fmedia&parent=235"}],"curies":[{"name":"wp","href":"https:\/\/api.w.org\/{rel}","templated":true}]}}