{"id":223,"date":"2023-06-19T14:45:33","date_gmt":"2023-06-19T11:45:33","guid":{"rendered":"http:\/\/www.suluova4noluasm.com\/?page_id=223"},"modified":"2023-06-19T14:49:29","modified_gmt":"2023-06-19T11:49:29","slug":"esnek-mesai-gun-ve-izinleri","status":"publish","type":"page","link":"https:\/\/www.suluova4noluasm.com\/?page_id=223","title":{"rendered":"Esnek Mesai G\u00fcn ve \u0130zinleri"},"content":{"rendered":"\n<p>Dr Emrullah F\u0130DAN ( Mesai Pazartesi &#8211; \u0130zin Per\u015fembe)<\/p>\n\n\n\n<p>Dr Aysun D\u00dcNDAR G\u00d6KER ( Mesai \u00c7ar\u015famba- \u0130zin Per\u015fembe)<\/p>\n\n\n\n<p>Dr Asiye D\u0130ZKIRICI DEM\u0130R ( Mesai Per\u015fembe- \u0130zin \u00c7ar\u015famba)<\/p>\n\n\n\n<p>Dr Dilara D\u0130N\u00c7ER YILMAZ ( Mesai Sal\u0131 &#8211; \u0130zin \u00c7ar\u015famba)<\/p>\n","protected":false},"excerpt":{"rendered":"<p>Dr Emrullah F\u0130DAN ( Mesai Pazartesi &#8211; \u0130zin Per\u015fembe) Dr Aysun D\u00dcNDAR G\u00d6KER ( Mesai \u00c7ar\u015famba- \u0130zin Per\u015fembe) Dr Asiye D\u0130ZKIRICI DEM\u0130R ( Mesai Per\u015fembe- \u0130zin \u00c7ar\u015famba) Dr Dilara D\u0130N\u00c7ER YILMAZ ( Mesai Sal\u0131 &#8211; \u0130zin \u00c7ar\u015famba)<\/p>\n","protected":false},"author":1,"featured_media":0,"parent":8,"menu_order":0,"comment_status":"closed","ping_status":"closed","template":"","meta":[],"_links":{"self":[{"href":"https:\/\/www.suluova4noluasm.com\/index.php?rest_route=\/wp\/v2\/pages\/223"}],"collection":[{"href":"https:\/\/www.suluova4noluasm.com\/index.php?rest_route=\/wp\/v2\/pages"}],"about":[{"href":"https:\/\/www.suluova4noluasm.com\/index.php?rest_route=\/wp\/v2\/types\/page"}],"author":[{"embeddable":true,"href":"https:\/\/www.suluova4noluasm.com\/index.php?rest_route=\/wp\/v2\/users\/1"}],"replies":[{"embeddable":true,"href":"https:\/\/www.suluova4noluasm.com\/index.php?rest_route=%2Fwp%2Fv2%2Fcomments&post=223"}],"version-history":[{"count":1,"href":"https:\/\/www.suluova4noluasm.com\/index.php?rest_route=\/wp\/v2\/pages\/223\/revisions"}],"predecessor-version":[{"id":224,"href":"https:\/\/www.suluova4noluasm.com\/index.php?rest_route=\/wp\/v2\/pages\/223\/revisions\/224"}],"up":[{"embeddable":true,"href":"https:\/\/www.suluova4noluasm.com\/index.php?rest_route=\/wp\/v2\/pages\/8"}],"wp:attachment":[{"href":"https:\/\/www.suluova4noluasm.com\/index.php?rest_route=%2Fwp%2Fv2%2Fmedia&parent=223"}],"curies":[{"name":"wp","href":"https:\/\/api.w.org\/{rel}","templated":true}]}}