{"id":22,"date":"2017-09-14T07:49:23","date_gmt":"2017-09-14T04:49:23","guid":{"rendered":"http:\/\/goynucek1noluasm.com\/?page_id=22"},"modified":"2025-12-02T21:44:21","modified_gmt":"2025-12-02T18:44:21","slug":"dr-mikail-edebali","status":"publish","type":"page","link":"https:\/\/www.suluova4noluasm.com\/?page_id=22","title":{"rendered":"Dr.Dilara Din\u00e7er Y\u0131lmaz"},"content":{"rendered":"<p style=\"text-align: center;\"><strong>Dr. Dilara Din\u00e7er Y\u0131lmaz\u00a0<\/strong><\/p>\n<p style=\"text-align: center;\">Hem. Ay\u015fe Zeynep Ko\u00e7a\u015f<\/p>\n<p style=\"text-align: center;\">\n<p style=\"text-align: center;\">Tlf:\u00a00 358 417 00 44<\/p>\n","protected":false},"excerpt":{"rendered":"<p>Dr. Dilara Din\u00e7er Y\u0131lmaz\u00a0 Hem. Ay\u015fe Zeynep Ko\u00e7a\u015f Tlf:\u00a00 358 417 00 44<\/p>\n","protected":false},"author":1,"featured_media":0,"parent":0,"menu_order":0,"comment_status":"closed","ping_status":"closed","template":"","meta":[],"_links":{"self":[{"href":"https:\/\/www.suluova4noluasm.com\/index.php?rest_route=\/wp\/v2\/pages\/22"}],"collection":[{"href":"https:\/\/www.suluova4noluasm.com\/index.php?rest_route=\/wp\/v2\/pages"}],"about":[{"href":"https:\/\/www.suluova4noluasm.com\/index.php?rest_route=\/wp\/v2\/types\/page"}],"author":[{"embeddable":true,"href":"https:\/\/www.suluova4noluasm.com\/index.php?rest_route=\/wp\/v2\/users\/1"}],"replies":[{"embeddable":true,"href":"https:\/\/www.suluova4noluasm.com\/index.php?rest_route=%2Fwp%2Fv2%2Fcomments&post=22"}],"version-history":[{"count":8,"href":"https:\/\/www.suluova4noluasm.com\/index.php?rest_route=\/wp\/v2\/pages\/22\/revisions"}],"predecessor-version":[{"id":262,"href":"https:\/\/www.suluova4noluasm.com\/index.php?rest_route=\/wp\/v2\/pages\/22\/revisions\/262"}],"wp:attachment":[{"href":"https:\/\/www.suluova4noluasm.com\/index.php?rest_route=%2Fwp%2Fv2%2Fmedia&parent=22"}],"curies":[{"name":"wp","href":"https:\/\/api.w.org\/{rel}","templated":true}]}}