{"id":30,"date":"2014-10-14T07:50:59","date_gmt":"2014-10-14T04:50:59","guid":{"rendered":"http:\/\/goynucek1noluasm.com\/?page_id=30"},"modified":"2014-10-14T07:50:59","modified_gmt":"2014-10-14T04:50:59","slug":"hizmet-standarlari","status":"publish","type":"page","link":"http:\/\/www.suluova4noluasm.com\/?page_id=30","title":{"rendered":"Hizmet Standarlar\u0131"},"content":{"rendered":"<table border=\"1\" width=\"100%\" cellspacing=\"0\" cellpadding=\"0\">\n<tbody>\n<tr>\n<td width=\"7%\">\n<p align=\"center\"><strong>SIRA NO<\/strong><\/p>\n<\/td>\n<td width=\"33%\">\n<p align=\"center\"><strong>H\u0130ZMET\u0130N ADI<\/strong><\/p>\n<\/td>\n<td width=\"39%\">\n<p align=\"center\"><strong>BA\u015eVURUDA \u0130STENEN BELGELER<\/strong><\/p>\n<\/td>\n<td width=\"19%\">\n<p align=\"center\"><strong>H\u0130ZMET\u0130N TAMAMLANMA S\u00dcRES\u0130\u00a0<\/strong><strong>(EN GE\u00c7)<\/strong><\/p>\n<\/td>\n<\/tr>\n<tr>\n<td width=\"7%\">\n<p align=\"center\">1<\/p>\n<\/td>\n<td width=\"33%\">Hekim Se\u00e7me (\u0130lk Kay\u0131t)<\/td>\n<td width=\"39%\">T. C. Kimlik numaral\u0131 n\u00fcfus c\u00fczdan\u0131<\/td>\n<td width=\"19%\">\n<p align=\"center\">30 Dakika<\/p>\n<\/td>\n<\/tr>\n<tr>\n<td width=\"7%\">\n<p align=\"center\">2<\/p>\n<\/td>\n<td width=\"33%\">Hekim Se\u00e7me (Hekim De\u011fi\u015ftirme)<\/td>\n<td width=\"39%\">Dilek\u00e7e, T. C. Kimlik numaral\u0131 n\u00fcfus c\u00fczdan\u0131 ve fotokopisi<\/td>\n<td width=\"19%\">\n<p align=\"center\">1 Hafta<\/p>\n<\/td>\n<\/tr>\n<tr>\n<td width=\"7%\">\n<p align=\"center\">3<\/p>\n<\/td>\n<td width=\"33%\">Poliklinik Muayenesi<\/td>\n<td width=\"39%\">T. C. Kimlik numaral\u0131 n\u00fcfus c\u00fczdan\u0131; varsa Ye\u015fil kart veya MSB karnesi<\/td>\n<td width=\"19%\">\n<p align=\"center\">30 Dakika<\/p>\n<\/td>\n<\/tr>\n<tr>\n<td width=\"7%\">\n<p align=\"center\">4<\/p>\n<\/td>\n<td width=\"33%\">Misafir Hasta Muayenesi<\/td>\n<td width=\"39%\">T. C. Kimlik numaral\u0131 n\u00fcfus c\u00fczdan\u0131; varsa Ye\u015fil kart veya MSB karnesi<\/td>\n<td width=\"19%\">\n<p align=\"center\">30 Dakika<\/p>\n<\/td>\n<\/tr>\n<tr>\n<td width=\"7%\">\n<p align=\"center\">5<\/p>\n<\/td>\n<td width=\"33%\">Sa\u011fl\u0131k Kurumuna Sevk<\/td>\n<td width=\"39%\">T. C. Kimlik numaral\u0131 n\u00fcfus c\u00fczdan\u0131<\/td>\n<td width=\"19%\">\n<p align=\"center\">30 Dakika<\/p>\n<\/td>\n<\/tr>\n<tr>\n<td width=\"7%\">\n<p align=\"center\">6<\/p>\n<\/td>\n<td width=\"33%\">Tek Hekim Raporu<\/td>\n<td width=\"39%\">T.C.Kimlik\u00a0 numaral\u0131 n\u00fcfus c\u00fczdan\u0131,talep edilen rapor \u00e7e\u015fidinin matbu formu(Ehliyet i\u00e7in 2 foto\u011fraf)<\/td>\n<td width=\"19%\">\n<p align=\"center\">30 Dakika<\/p>\n<\/td>\n<\/tr>\n<tr>\n<td width=\"7%\">\n<p align=\"center\">7<\/p>\n<\/td>\n<td width=\"33%\">Basit Laboratuar Tetkikleri<\/td>\n<td width=\"39%\">T.C. Kimlik\u00a0 numaral\u0131 n\u00fcfus c\u00fczdan\u0131<\/td>\n<td width=\"19%\">\n<p align=\"center\">1 G\u00fcn<\/p>\n<\/td>\n<\/tr>\n<tr>\n<td width=\"7%\">\n<p align=\"center\">8<\/p>\n<\/td>\n<td width=\"33%\">Detayl\u0131 Laboratuar Tetkikleri<\/td>\n<td width=\"39%\">T. C. Kimlik numaral\u0131 n\u00fcfus c\u00fczdan\u0131<\/td>\n<td width=\"19%\">\n<p align=\"center\">3 G\u00fcn<\/p>\n<\/td>\n<\/tr>\n<tr>\n<td width=\"7%\">\n<p align=\"center\">9<\/p>\n<\/td>\n<td width=\"33%\">Defin Ruhsat\u0131<\/td>\n<td width=\"39%\">\u00d6lenin T. C. Kimlik numaral\u0131 n\u00fcfus c\u00fczdan\u0131<\/td>\n<td width=\"19%\">\n<p align=\"center\">1G\u00fcn<\/p>\n<\/td>\n<\/tr>\n<tr>\n<td width=\"7%\">\n<p align=\"center\">10<\/p>\n<\/td>\n<td width=\"33%\">\u0130zlemler (15-49 ya\u015f kad\u0131n, gebe, lo\u011fusa, bebek, \u00e7ocuk)<\/td>\n<td width=\"39%\">T. C. Kimlik numaral\u0131 n\u00fcfus c\u00fczdan\u0131<\/td>\n<td width=\"19%\">\n<p align=\"center\">30 Dakika<\/p>\n<\/td>\n<\/tr>\n<tr>\n<td width=\"7%\">\n<p align=\"center\">11<\/p>\n<\/td>\n<td width=\"33%\">Ba\u011f\u0131\u015f\u0131klama faaliyetleri<\/td>\n<td width=\"39%\">T. C. Kimlik numaral\u0131 n\u00fcfus c\u00fczdan\u0131<\/td>\n<td width=\"19%\">\n<p align=\"center\">20 Dakika<\/p>\n<\/td>\n<\/tr>\n<tr>\n<td width=\"7%\">\n<p align=\"center\">12<\/p>\n<\/td>\n<td width=\"33%\">Aile Planlamas\u0131 Hizmetleri<\/td>\n<td width=\"39%\">T. C. Kimlik numaral\u0131 n\u00fcfus c\u00fczdan\u0131<\/td>\n<td width=\"19%\">\n<p align=\"center\">40 Dakika<\/p>\n<\/td>\n<\/tr>\n<\/tbody>\n<\/table>\n","protected":false},"excerpt":{"rendered":"<p>SIRA NO H\u0130ZMET\u0130N ADI BA\u015eVURUDA \u0130STENEN BELGELER H\u0130ZMET\u0130N TAMAMLANMA S\u00dcRES\u0130\u00a0(EN GE\u00c7) 1 Hekim Se\u00e7me (\u0130lk Kay\u0131t) T. C. Kimlik numaral\u0131 n\u00fcfus c\u00fczdan\u0131 30 Dakika 2 Hekim Se\u00e7me (Hekim De\u011fi\u015ftirme) Dilek\u00e7e, T. C. Kimlik numaral\u0131 n\u00fcfus c\u00fczdan\u0131 ve fotokopisi 1 Hafta 3 Poliklinik Muayenesi T. C. Kimlik numaral\u0131 n\u00fcfus c\u00fczdan\u0131; varsa Ye\u015fil kart veya MSB karnesi [&hellip;]<\/p>\n","protected":false},"author":1,"featured_media":0,"parent":0,"menu_order":0,"comment_status":"closed","ping_status":"closed","template":"","meta":[],"_links":{"self":[{"href":"http:\/\/www.suluova4noluasm.com\/index.php?rest_route=\/wp\/v2\/pages\/30"}],"collection":[{"href":"http:\/\/www.suluova4noluasm.com\/index.php?rest_route=\/wp\/v2\/pages"}],"about":[{"href":"http:\/\/www.suluova4noluasm.com\/index.php?rest_route=\/wp\/v2\/types\/page"}],"author":[{"embeddable":true,"href":"http:\/\/www.suluova4noluasm.com\/index.php?rest_route=\/wp\/v2\/users\/1"}],"replies":[{"embeddable":true,"href":"http:\/\/www.suluova4noluasm.com\/index.php?rest_route=%2Fwp%2Fv2%2Fcomments&post=30"}],"version-history":[{"count":1,"href":"http:\/\/www.suluova4noluasm.com\/index.php?rest_route=\/wp\/v2\/pages\/30\/revisions"}],"predecessor-version":[{"id":31,"href":"http:\/\/www.suluova4noluasm.com\/index.php?rest_route=\/wp\/v2\/pages\/30\/revisions\/31"}],"wp:attachment":[{"href":"http:\/\/www.suluova4noluasm.com\/index.php?rest_route=%2Fwp%2Fv2%2Fmedia&parent=30"}],"curies":[{"name":"wp","href":"https:\/\/api.w.org\/{rel}","templated":true}]}}