{"id":16,"date":"2014-10-14T07:47:46","date_gmt":"2014-10-14T04:47:46","guid":{"rendered":"http:\/\/goynucek1noluasm.com\/?page_id=16"},"modified":"2014-10-14T07:47:46","modified_gmt":"2014-10-14T04:47:46","slug":"neden-aile-hekimligi","status":"publish","type":"page","link":"http:\/\/www.suluova4noluasm.com\/?page_id=16","title":{"rendered":"Neden Aile Hekimli\u011fi?"},"content":{"rendered":"<h1><\/h1>\n<p>Aile hekimi, aile bireylerinin ikametlerine yak\u0131n olup hizmet verdi\u011fi toplumu her y\u00f6n\u00fcyle tan\u0131r; aile, \u00e7evre ve i\u015f ili\u015fkilerini de\u011ferlendirir. Ailenin b\u00fct\u00fcn bireylerinin sa\u011fl\u0131k durumlar\u0131n\u0131, ya\u015fama ko\u015fullar\u0131n\u0131, dolay\u0131s\u0131yla koruyucu sa\u011fl\u0131k uygulamalar\u0131n\u0131n ve sa\u011fl\u0131k e\u011fitimlerini bireylere nas\u0131l uygulanaca\u011f\u0131n\u0131 en iyi bilen ki\u015fidir.\u00a0Bu doktorlar kendi sorumlulu\u011fu alt\u0131ndaki bireyleri bir hastal\u0131k<strong>\u00a0<\/strong>\u00e7er\u00e7evesinde de\u011fil, b\u00fct\u00fcnc\u00fcl bir yakla\u015f\u0131mla riskler, sa\u011fl\u0131k ko\u015fullar\u0131, psikososyal \u00e7evre ve mevcut di\u011fer akut veya kronik sa\u011fl\u0131k sorunlar\u0131 ile birlikte bir b\u00fct\u00fcn olarak de\u011ferlendirir. Sa\u011fl\u0131k hizmeti s\u0131numunda, hizmetten yararlanan bireylerin memnuniyeti \u00f6nemlidir. Birinci basamak sa\u011fl\u0131k hizmetlerinin s\u00fcrekli e\u011fitimle geli\u015ftirilmesi ve g\u00fc\u00e7lendirilmesi, \u00e7al\u0131\u015fan hekimler ile di\u011fer sa\u011fl\u0131k elemanlar\u0131n\u0131n \u00f6zendirilmesi, birey ihtiya\u00e7lar\u0131n\u0131n g\u00f6z \u00f6n\u00fcnde bulundurularak koruyucu sa\u011fl\u0131k sistemine a\u011f\u0131rl\u0131k verilmesi ve kabul edilebilir sevk sisteminin uygulanmas\u0131 ana ilkelerdir. Bu ilkelerin hayata ge\u00e7irilmesi ikinci basamakta y\u0131\u011f\u0131lmay\u0131 engelleyecek ve ger\u00e7ekten ikinci basamakta tedavi edilmesi gereken hastalara yeterince zaman ayr\u0131lmas\u0131n\u0131 sa\u011flayacakt\u0131r. Birinci basamak hizmetlerinin etkili bir \u015fekilde verilebilmesi, toplumun hastal\u0131k y\u00fck\u00fcn\u00fcn azalt\u0131lmas\u0131n\u0131n yan\u0131 s\u0131ra, ikinci ve \u00fc\u00e7\u00fcnc\u00fc basamak tedavi kurulu\u015flar\u0131m\u0131z\u0131n da daha iyi ve kaliteli sa\u011fl\u0131k hizmeti ve sa\u011fl\u0131k e\u011fitimi vermelerine f\u0131rsat tan\u0131yacakt\u0131r.<\/p>\n","protected":false},"excerpt":{"rendered":"<p>Aile hekimi, aile bireylerinin ikametlerine yak\u0131n olup hizmet verdi\u011fi toplumu her y\u00f6n\u00fcyle tan\u0131r; aile, \u00e7evre ve i\u015f ili\u015fkilerini de\u011ferlendirir. Ailenin b\u00fct\u00fcn bireylerinin sa\u011fl\u0131k durumlar\u0131n\u0131, ya\u015fama ko\u015fullar\u0131n\u0131, dolay\u0131s\u0131yla koruyucu sa\u011fl\u0131k uygulamalar\u0131n\u0131n ve sa\u011fl\u0131k e\u011fitimlerini bireylere nas\u0131l uygulanaca\u011f\u0131n\u0131 en iyi bilen ki\u015fidir.\u00a0Bu doktorlar kendi sorumlulu\u011fu alt\u0131ndaki bireyleri bir hastal\u0131k\u00a0\u00e7er\u00e7evesinde de\u011fil, b\u00fct\u00fcnc\u00fcl bir yakla\u015f\u0131mla riskler, sa\u011fl\u0131k ko\u015fullar\u0131, psikososyal [&hellip;]<\/p>\n","protected":false},"author":1,"featured_media":0,"parent":10,"menu_order":0,"comment_status":"closed","ping_status":"closed","template":"","meta":[],"_links":{"self":[{"href":"http:\/\/www.suluova4noluasm.com\/index.php?rest_route=\/wp\/v2\/pages\/16"}],"collection":[{"href":"http:\/\/www.suluova4noluasm.com\/index.php?rest_route=\/wp\/v2\/pages"}],"about":[{"href":"http:\/\/www.suluova4noluasm.com\/index.php?rest_route=\/wp\/v2\/types\/page"}],"author":[{"embeddable":true,"href":"http:\/\/www.suluova4noluasm.com\/index.php?rest_route=\/wp\/v2\/users\/1"}],"replies":[{"embeddable":true,"href":"http:\/\/www.suluova4noluasm.com\/index.php?rest_route=%2Fwp%2Fv2%2Fcomments&post=16"}],"version-history":[{"count":1,"href":"http:\/\/www.suluova4noluasm.com\/index.php?rest_route=\/wp\/v2\/pages\/16\/revisions"}],"predecessor-version":[{"id":17,"href":"http:\/\/www.suluova4noluasm.com\/index.php?rest_route=\/wp\/v2\/pages\/16\/revisions\/17"}],"up":[{"embeddable":true,"href":"http:\/\/www.suluova4noluasm.com\/index.php?rest_route=\/wp\/v2\/pages\/10"}],"wp:attachment":[{"href":"http:\/\/www.suluova4noluasm.com\/index.php?rest_route=%2Fwp%2Fv2%2Fmedia&parent=16"}],"curies":[{"name":"wp","href":"https:\/\/api.w.org\/{rel}","templated":true}]}}