{"id":12,"date":"2014-10-14T07:47:04","date_gmt":"2014-10-14T04:47:04","guid":{"rendered":"http:\/\/goynucek1noluasm.com\/?page_id=12"},"modified":"2014-10-14T07:47:04","modified_gmt":"2014-10-14T04:47:04","slug":"aile-hekimligi-hakkinda","status":"publish","type":"page","link":"http:\/\/www.suluova4noluasm.com\/?page_id=12","title":{"rendered":"Aile Hekimli\u011fi Hakk\u0131nda"},"content":{"rendered":"<h3>Aile Hekimi Kimdir?<\/h3>\n<div>\n<p>Aile hekimi; \u00a0ya\u015f veya cinsiyeti ne olursa olsun,ki\u015fiyi bir b\u00fct\u00fcn olarak incelemek i\u00e7in e\u011fitilmi\u015ftir. Akut ve kronik hastal\u0131klar\u0131n tedavi edilmesine ek olarak, hastal\u0131klar\u0131n geli\u015fmesini \u00f6nlemek amac\u0131yla d\u00fczenli sa\u011fl\u0131k taramalar\u0131n\u0131 ger\u00e7ekle\u015ftirir ve sa\u011fl\u0131kla ilgili konularda dan\u0131\u015fmanl\u0131k hizmetini sa\u011flar. Aile hekimi taraf\u0131ndan tespit edilen sa\u011fl\u0131k sorununun tedavisi, ba\u015fka bir uzmanl\u0131k dal\u0131n\u0131 ilgilendiriyor ve spesifik tedavi gerektiriyorsa, ki\u015finin bu hizmete ula\u015fmas\u0131nda koordinasyonun sa\u011flanmas\u0131 da aile hekiminin g\u00f6revidir.<\/p>\n<h3>Aile Hekimli\u011fi Uygulamas\u0131n\u0131n Amac\u0131 Nedir?<\/h3>\n<p>Aile hekimli\u011finin ama\u00e7lar\u0131 \u015fu alt ba\u015fl\u0131klarda \u00f6zetlenebilir:<\/p>\n<p>Erken tan\u0131 ve tedaviyi sa\u011flamak, Sa\u011fl\u0131k ile ilgili t\u00fcm konularda ilk de\u011ferlendirmeyi yapmak, Sorumlulu\u011fu alt\u0131ndaki ki\u015filerle s\u00fcrekli ili\u015fki halinde olarak onlar\u0131 izlemek,<\/p>\n<p>Birinci basamakta verilmesi gereken bireye ve topluma y\u00f6nelik koruyucu sa\u011fl\u0131k hizmetlerini sunmak, Kronik hastal\u0131klarda s\u00fcrekli bak\u0131m ve tedaviyi sa\u011flamak, bu t\u00fcr hastal\u0131\u011f\u0131 olan ki\u015fileri izlemek, Bireylerin ya\u015fam kalitelerini ve sa\u011fl\u0131k d\u00fczeylerini geli\u015ftirmeye \u00e7al\u0131\u015farak toplumun geli\u015fmesine katk\u0131 sa\u011flamak.<\/p>\n<h3>Aile hekimli\u011fi uygulamas\u0131nda hasta \u2013 hekim ili\u015fkisi nas\u0131ld\u0131r?<\/h3>\n<p>Aile hekimi, ki\u015fiyi ailesi ve i\u00e7inde ya\u015fad\u0131\u011f\u0131 toplum ile birlikte bir b\u00fct\u00fcn olarak ele alarak koruyucu sa\u011fl\u0131k hizmetleri ile tedavi hizmetlerini bir arada sunan ve kendi sorumlulu\u011fu alt\u0131ndaki ki\u015filerin hem biyolojik, hem ruhsal, hem de sosyal y\u00f6nleriyle ilgili olan, ki\u015filerin kendi se\u00e7tikleri hekimidir.<\/p>\n<p>\u0130leti\u015fim insan ya\u015fam\u0131nda \u00f6nemli bir olgudur ve g\u00fcnl\u00fck ya\u015fant\u0131m\u0131z\u0131n hemen hemen her alan\u0131nda etkilidir. Hasta ve hekim aras\u0131ndaki ileti\u015fim ise daha \u00f6nemlidir \u00e7\u00fcnk\u00fc:<\/p>\n<p>Hekimler a\u00e7\u0131s\u0131ndan, hastalar\u0131 anlaman\u0131n, onlara uygun tedaviler d\u00fczenleyebilmenin, hastalar\u0131n bu tedaviye uyum sa\u011flay\u0131p, tedaviye ba\u011fl\u0131 kalmalar\u0131n\u0131n,<\/p>\n<p>Hastalar a\u00e7\u0131s\u0131ndan ise hekimlere g\u00fcven duyman\u0131n, kendilerine sunulan tedavi imk\u00e2nlar\u0131ndan yararlanabilmelerinin ve iyile\u015fmelerinin ilk ve en \u00f6nemli ad\u0131m\u0131 ileti\u015fimdir.<\/p>\n<p>Aile hekimli\u011fi uygulamas\u0131nda hizmetin iki ana unsuru olan hekim ve hasta aras\u0131ndaki ili\u015fki kar\u015f\u0131l\u0131kl\u0131 empati yapabilme, sab\u0131r ve anlay\u0131\u015f temellerine oturmal\u0131d\u0131r.<\/p>\n<\/div>\n","protected":false},"excerpt":{"rendered":"<p>Aile Hekimi Kimdir? Aile hekimi; \u00a0ya\u015f veya cinsiyeti ne olursa olsun,ki\u015fiyi bir b\u00fct\u00fcn olarak incelemek i\u00e7in e\u011fitilmi\u015ftir. Akut ve kronik hastal\u0131klar\u0131n tedavi edilmesine ek olarak, hastal\u0131klar\u0131n geli\u015fmesini \u00f6nlemek amac\u0131yla d\u00fczenli sa\u011fl\u0131k taramalar\u0131n\u0131 ger\u00e7ekle\u015ftirir ve sa\u011fl\u0131kla ilgili konularda dan\u0131\u015fmanl\u0131k hizmetini sa\u011flar. Aile hekimi taraf\u0131ndan tespit edilen sa\u011fl\u0131k sorununun tedavisi, ba\u015fka bir uzmanl\u0131k dal\u0131n\u0131 ilgilendiriyor ve spesifik [&hellip;]<\/p>\n","protected":false},"author":1,"featured_media":0,"parent":10,"menu_order":0,"comment_status":"closed","ping_status":"closed","template":"","meta":[],"_links":{"self":[{"href":"http:\/\/www.suluova4noluasm.com\/index.php?rest_route=\/wp\/v2\/pages\/12"}],"collection":[{"href":"http:\/\/www.suluova4noluasm.com\/index.php?rest_route=\/wp\/v2\/pages"}],"about":[{"href":"http:\/\/www.suluova4noluasm.com\/index.php?rest_route=\/wp\/v2\/types\/page"}],"author":[{"embeddable":true,"href":"http:\/\/www.suluova4noluasm.com\/index.php?rest_route=\/wp\/v2\/users\/1"}],"replies":[{"embeddable":true,"href":"http:\/\/www.suluova4noluasm.com\/index.php?rest_route=%2Fwp%2Fv2%2Fcomments&post=12"}],"version-history":[{"count":1,"href":"http:\/\/www.suluova4noluasm.com\/index.php?rest_route=\/wp\/v2\/pages\/12\/revisions"}],"predecessor-version":[{"id":13,"href":"http:\/\/www.suluova4noluasm.com\/index.php?rest_route=\/wp\/v2\/pages\/12\/revisions\/13"}],"up":[{"embeddable":true,"href":"http:\/\/www.suluova4noluasm.com\/index.php?rest_route=\/wp\/v2\/pages\/10"}],"wp:attachment":[{"href":"http:\/\/www.suluova4noluasm.com\/index.php?rest_route=%2Fwp%2Fv2%2Fmedia&parent=12"}],"curies":[{"name":"wp","href":"https:\/\/api.w.org\/{rel}","templated":true}]}}